{"id":99,"date":"2026-02-22T15:32:22","date_gmt":"2026-02-22T15:32:22","guid":{"rendered":"http:\/\/www.aistitaito.fi\/?page_id=99"},"modified":"2026-02-24T07:33:56","modified_gmt":"2026-02-24T07:33:56","slug":"yhteistyokumppaneille","status":"publish","type":"page","link":"https:\/\/www.aistitaito.fi\/?page_id=99","title":{"rendered":"Yhteisty\u00f6kumppaneille"},"content":{"rendered":"\n<p><strong>Hyv\u00e4 yhteisty\u00f6kumppani,<\/strong><\/p>\n\n\n\n<p>Ensinn\u00e4kin kiitos, ett\u00e4 olette kiinnostunut Aistitaito Oy:n palveluista. Tulkkausalan osaamisen lis\u00e4ksi osakeyhti\u00f6n yritt\u00e4j\u00e4ll\u00e4 on laaja osaaminen kuulovammaisuuteen, n\u00e4k\u00f6vammaisuuteen ja kuurosokeuteen liittyvist\u00e4 asioista. Resurssisyist\u00e4 yritys ei juuri t\u00e4ll\u00e4 hetkell\u00e4 kuitenkaan tuota aistivammaisuuteen liittyvi\u00e4 palveluita suoraan asiakkaille Kelan kuulo- ja kuulon\u00e4k\u00f6vammaisten tulkkausta lukuun ottamatta. <\/p>\n\n\n\n<p>Jos sen sijaan haluatte vahvistaa henkil\u00f6st\u00f6nne tai muiden verkostojenne aistivammaisosaamista, Aistitaito voi tulla organisaatioonne kouluttamaan toivomastanne kohderyhm\u00e4st\u00e4 ja aiheesta. Koulutuksen laajuudesta ja aihepiireist\u00e4 riippuen voimme koota my\u00f6s sellaisia koulutuksia, joissa hy\u00f6dynnet\u00e4\u00e4n muiden alan osaajien koulutusasiantuntemusta yritt\u00e4j\u00e4n oman osaamisen lis\u00e4ksi. Yritt\u00e4j\u00e4lle voi my\u00f6s l\u00e4hett\u00e4\u00e4 toiveita yhteiskoulutuksista, ja jos niihin on tulossa riitt\u00e4v\u00e4sti osallistujia, koulutus pyrit\u00e4\u00e4n j\u00e4rjest\u00e4m\u00e4\u00e4n. Koulutukset ovat p\u00e4\u00e4s\u00e4\u00e4nt\u00f6isesti p\u00e4iv\u00e4koulutuksia, maksimissaan kolmen tunnin ajomatkan p\u00e4\u00e4ss\u00e4 Tampereelta. Koulutus voidaan my\u00f6s j\u00e4rjest\u00e4\u00e4 kokonaan tai osittain et\u00e4n\u00e4, jolloin se voidaan pit\u00e4\u00e4 useampana lyhyen\u00e4 kokonaisuutena.<\/p>\n\n\n\n<p><strong>T\u00e4ss\u00e4 pieni lista mahdollisista koulutusaiheista<\/strong><\/p>\n\n\n\n<ul class=\"wp-block-list\">\n<li>Kuulo- ja n\u00e4k\u00f6, sek\u00e4 kuulon\u00e4k\u00f6vammaisuuden seurannaisvaikutukset<\/li>\n\n\n\n<li>Viitottu kommunikaatio (viittomakieli, viitottu puhe, viittomat)<\/li>\n\n\n\n<li>Kuulon\u00e4k\u00f6vammaisten ja kuurosokeiden kommunikointitavat<\/li>\n\n\n\n<li>N\u00e4k\u00f6vammaisten opastus<\/li>\n\n\n\n<li>N\u00e4k\u00f6vammaisten ymp\u00e4rist\u00f6\u00f6n orientoitumisen tukemisen kielelliset ja toiminnalliset menetelm\u00e4t<\/li>\n\n\n\n<li>Kuulon\u00e4k\u00f6vammaisten ja kuurosokeiden opastus<\/li>\n\n\n\n<li>Kuulon\u00e4k\u00f6vammaisten ja kuurosokeiden ymp\u00e4rist\u00f6\u00f6n orientoitumisen tukemisen kielelliset ja toiminnalliset menetelm\u00e4t<\/li>\n\n\n\n<li>N\u00e4k\u00f6vammaistaidot (ty\u00f6ntekij\u00e4-n\u00e4k\u00f6kulma)<\/li>\n\n\n\n<li>Kuulon\u00e4k\u00f6vammaisten ja kuurosokeiden tapa- ja toimintakulttuuri<\/li>\n\n\n\n<li>Kuulon\u00e4k\u00f6vammaisten ja kuurosokeiden kommunikaation ohjaaminen (esim. perheopetuksia tarjoaville)<\/li>\n\n\n\n<li>Kuulon\u00e4k\u00f6vammaisen ja kuuron ik\u00e4ihmisen kohtaaminen &#8211; el\u00e4m\u00e4nkaaren ja aistien huomioimisen n\u00e4k\u00f6kulmat<\/li>\n<\/ul>\n\n\n\n<p>Koulutusten aiheista, ajankohdasta, paikasta ja hinnasta neuvotellaan yritt\u00e4j\u00e4n (Merja Kovanen) kanssa. Tulkkausty\u00f6n luonteen ja yritt\u00e4j\u00e4n opintojen vuoksi puhelimitse tavoittaminen voi olla hieman hankalaa, joten kannattaa laittaa tekstiviesti tai s\u00e4hk\u00f6postia. Tarkemmat yhteystiedot l\u00f6ytyv\u00e4t yhteystiedot -sivulta.<\/p>\n\n\n\n<div style=\"height:30px\" aria-hidden=\"true\" class=\"wp-block-spacer\"><\/div>\n\n\n\n<div class=\"wp-block-columns is-layout-flex wp-container-core-columns-is-layout-28f84493 wp-block-columns-is-layout-flex\">\n<div class=\"wp-block-column is-layout-flow wp-block-column-is-layout-flow\">\n<figure class=\"wp-block-image size-full\"><img loading=\"lazy\" decoding=\"async\" width=\"425\" height=\"200\" src=\"https:\/\/www.aistitaito.fi\/wp-content\/uploads\/2026\/02\/luotettava-kumppani-logo-vihrea.png\" alt=\"Luotettava kumppani -logo\" class=\"wp-image-237\" srcset=\"https:\/\/www.aistitaito.fi\/wp-content\/uploads\/2026\/02\/luotettava-kumppani-logo-vihrea.png 425w, https:\/\/www.aistitaito.fi\/wp-content\/uploads\/2026\/02\/luotettava-kumppani-logo-vihrea-300x141.png 300w\" sizes=\"auto, (max-width: 425px) 100vw, 425px\" \/><\/figure>\n<\/div>\n\n\n\n<div class=\"wp-block-column is-layout-flow wp-block-column-is-layout-flow\">\n<figure class=\"wp-block-image size-full\"><a href=\"https:\/\/www.kela.fi\/vammaisten-tulkkauspalvelu\"><img loading=\"lazy\" decoding=\"async\" width=\"80\" height=\"44\" src=\"https:\/\/www.aistitaito.fi\/wp-content\/uploads\/2024\/10\/logo-kela-rgb.gif\" alt=\"Kelan logo\" class=\"wp-image-76\"\/><\/a><\/figure>\n<\/div>\n<\/div>\n\n\n\n<div class=\"wp-block-columns is-layout-flex wp-container-core-columns-is-layout-28f84493 wp-block-columns-is-layout-flex\">\n<div class=\"wp-block-column is-layout-flow wp-block-column-is-layout-flow\">\n<p>Luotettava kumppani<\/p>\n<\/div>\n\n\n\n<div class=\"wp-block-column is-layout-flow wp-block-column-is-layout-flow\">\n<p>Kela<\/p>\n<\/div>\n<\/div>\n\n\n\n<div class=\"wp-block-columns is-layout-flex wp-container-core-columns-is-layout-28f84493 wp-block-columns-is-layout-flex\">\n<div class=\"wp-block-column is-layout-flow wp-block-column-is-layout-flow\">\n<figure class=\"wp-block-image size-full\"><img loading=\"lazy\" decoding=\"async\" width=\"2560\" height=\"768\" src=\"https:\/\/www.aistitaito.fi\/wp-content\/uploads\/2026\/02\/suomen_kuurosokeat_ry_logo_color_fi-scaled-1.png\" alt=\"Suomen Kuurosokeat ry logo\" class=\"wp-image-242\" srcset=\"https:\/\/www.aistitaito.fi\/wp-content\/uploads\/2026\/02\/suomen_kuurosokeat_ry_logo_color_fi-scaled-1.png 2560w, https:\/\/www.aistitaito.fi\/wp-content\/uploads\/2026\/02\/suomen_kuurosokeat_ry_logo_color_fi-scaled-1-300x90.png 300w, https:\/\/www.aistitaito.fi\/wp-content\/uploads\/2026\/02\/suomen_kuurosokeat_ry_logo_color_fi-scaled-1-1024x307.png 1024w, https:\/\/www.aistitaito.fi\/wp-content\/uploads\/2026\/02\/suomen_kuurosokeat_ry_logo_color_fi-scaled-1-768x230.png 768w, https:\/\/www.aistitaito.fi\/wp-content\/uploads\/2026\/02\/suomen_kuurosokeat_ry_logo_color_fi-scaled-1-1536x461.png 1536w, https:\/\/www.aistitaito.fi\/wp-content\/uploads\/2026\/02\/suomen_kuurosokeat_ry_logo_color_fi-scaled-1-2048x614.png 2048w\" sizes=\"auto, (max-width: 2560px) 100vw, 2560px\" \/><\/figure>\n<\/div>\n\n\n\n<div class=\"wp-block-column is-layout-flow wp-block-column-is-layout-flow\">\n<p><\/p>\n<\/div>\n<\/div>\n\n\n\n<div class=\"wp-block-columns is-layout-flex wp-container-core-columns-is-layout-28f84493 wp-block-columns-is-layout-flex\">\n<div class=\"wp-block-column is-layout-flow wp-block-column-is-layout-flow\">\n<p><a href=\"https:\/\/kuurosokeat.fi\/\">Suomen Kuurosokeat ry<\/a><\/p>\n<\/div>\n\n\n\n<div class=\"wp-block-column is-layout-flow wp-block-column-is-layout-flow\">\n<p><a href=\"https:\/\/jaanakos8.webnode.fi\/\" data-type=\"link\" data-id=\"https:\/\/jaanakos8.webnode.fi\/\" target=\"_blank\" rel=\"noreferrer noopener\">Toiminimi Jaanakos<\/a><\/p>\n<\/div>\n<\/div>\n\n\n\n<p><\/p>\n","protected":false},"excerpt":{"rendered":"<p>Hyv\u00e4 yhteisty\u00f6kumppani, Ensinn\u00e4kin kiitos, ett\u00e4 olette kiinnostunut Aistitaito Oy:n palveluista. Tulkkausalan osaamisen lis\u00e4ksi osakeyhti\u00f6n yritt\u00e4j\u00e4ll\u00e4 on laaja osaaminen kuulovammaisuuteen, n\u00e4k\u00f6vammaisuuteen ja kuurosokeuteen liittyvist\u00e4 asioista. Resurssisyist\u00e4 yritys ei juuri t\u00e4ll\u00e4 hetkell\u00e4 kuitenkaan tuota aistivammaisuuteen liittyvi\u00e4 palveluita suoraan asiakkaille Kelan kuulo- ja kuulon\u00e4k\u00f6vammaisten tulkkausta lukuun ottamatta. Jos sen sijaan haluatte vahvistaa henkil\u00f6st\u00f6nne tai muiden verkostojenne aistivammaisosaamista, Aistitaito [&hellip;]<\/p>\n","protected":false},"author":1,"featured_media":0,"parent":0,"menu_order":0,"comment_status":"closed","ping_status":"closed","template":"","meta":{"footnotes":""},"class_list":["post-99","page","type-page","status-publish","hentry"],"_links":{"self":[{"href":"https:\/\/www.aistitaito.fi\/index.php?rest_route=\/wp\/v2\/pages\/99","targetHints":{"allow":["GET"]}}],"collection":[{"href":"https:\/\/www.aistitaito.fi\/index.php?rest_route=\/wp\/v2\/pages"}],"about":[{"href":"https:\/\/www.aistitaito.fi\/index.php?rest_route=\/wp\/v2\/types\/page"}],"author":[{"embeddable":true,"href":"https:\/\/www.aistitaito.fi\/index.php?rest_route=\/wp\/v2\/users\/1"}],"replies":[{"embeddable":true,"href":"https:\/\/www.aistitaito.fi\/index.php?rest_route=%2Fwp%2Fv2%2Fcomments&post=99"}],"version-history":[{"count":11,"href":"https:\/\/www.aistitaito.fi\/index.php?rest_route=\/wp\/v2\/pages\/99\/revisions"}],"predecessor-version":[{"id":282,"href":"https:\/\/www.aistitaito.fi\/index.php?rest_route=\/wp\/v2\/pages\/99\/revisions\/282"}],"wp:attachment":[{"href":"https:\/\/www.aistitaito.fi\/index.php?rest_route=%2Fwp%2Fv2%2Fmedia&parent=99"}],"curies":[{"name":"wp","href":"https:\/\/api.w.org\/{rel}","templated":true}]}}