{"id":89,"date":"2024-10-19T12:12:01","date_gmt":"2024-10-19T12:12:01","guid":{"rendered":"http:\/\/www.aistitaito.fi\/?page_id=89"},"modified":"2026-02-23T15:30:30","modified_gmt":"2026-02-23T15:30:30","slug":"asiakkaille","status":"publish","type":"page","link":"https:\/\/www.aistitaito.fi\/?page_id=89","title":{"rendered":"Asiakkaille"},"content":{"rendered":"\n<h2 class=\"wp-block-heading\"><strong>Tulkki esitt\u00e4ytyy<\/strong><\/h2>\n\n\n\n<figure class=\"wp-block-image size-medium\"><img loading=\"lazy\" decoding=\"async\" width=\"225\" height=\"300\" src=\"https:\/\/www.aistitaito.fi\/wp-content\/uploads\/2026\/02\/IMG_4463-225x300.jpeg\" alt=\"\" class=\"wp-image-266\" style=\"aspect-ratio:3\/4;object-fit:cover\" srcset=\"https:\/\/www.aistitaito.fi\/wp-content\/uploads\/2026\/02\/IMG_4463-225x300.jpeg 225w, https:\/\/www.aistitaito.fi\/wp-content\/uploads\/2026\/02\/IMG_4463-768x1024.jpeg 768w, https:\/\/www.aistitaito.fi\/wp-content\/uploads\/2026\/02\/IMG_4463-1152x1536.jpeg 1152w, https:\/\/www.aistitaito.fi\/wp-content\/uploads\/2026\/02\/IMG_4463-1536x2048.jpeg 1536w, https:\/\/www.aistitaito.fi\/wp-content\/uploads\/2026\/02\/IMG_4463-scaled.jpeg 1920w\" sizes=\"auto, (max-width: 225px) 100vw, 225px\" \/><\/figure>\n\n\n\n<div class=\"wp-block-group is-nowrap is-layout-flex wp-container-core-group-is-layout-6c531013 wp-block-group-is-layout-flex\">\n<p>Olen Aistitaito Oy:n tulkki Merja Kovanen. Asun Tampereella ja tuotan tulkkauspalvelua p\u00e4\u00e4osin Pirkanmaan alueella. <a href=\"https:\/\/www.aistitaito.fi\/?page_id=106\"><strong>Tulkkauskunnat<\/strong><\/a><\/p>\n\n\n\n<p class=\"has-medium-font-size\"><\/p>\n<\/div>\n\n\n\n<div class=\"wp-block-columns is-layout-flex wp-container-core-columns-is-layout-28f84493 wp-block-columns-is-layout-flex\">\n<div class=\"wp-block-column is-layout-flow wp-block-column-is-layout-flow\" style=\"flex-basis:100%\">\n<p>Voit k\u00e4ytt\u00e4\u00e4 tulkkauspalveluani, jos olet jos olet kuuro, kuuroutunut, huonokuuloinen, kuulon\u00e4k\u00f6vammainen, kuurosokea tai viitottua kommunikaatiotapaa k\u00e4ytt\u00e4v\u00e4 puhevammainen henkil\u00f6. K\u00e4ytt\u00e4m\u00e4si kieli voi olla puhuttu tai viitottu.<\/p>\n\n\n\n<p>Minulla on pitk\u00e4 kokemus tulkkauspalvelun tuottamisesta. <\/p>\n\n\n\n<p class=\"has-medium-font-size\">Valmistuin viittomakielen tulkiksi vuonna 1988 Turun Kristillisest\u00e4 Opistosta. Tulkki AMK -tutkinto on vuodelta 2018 Diakista Turusta. Olen suorittanut kuurosokeille tulkkauksen opinnot.<\/p>\n<\/div>\n<\/div>\n\n\n\n<p class=\"has-medium-font-size\">Huomaathan, etten tuota et\u00e4tulkkausta, enk\u00e4 kirjoitustulkkausta.<br><br>Tulkkauksessa minua auttavat erityisesti seuraavat taidot ja osaaminen<\/p>\n\n\n\n<ul class=\"wp-block-list\">\n<li class=\"has-medium-font-size\">kuurosokeusalan erityisosaaminen, esimerkiksi taktiilikommunikaatio, ymp\u00e4rist\u00f6n kuvailun menetelm\u00e4t ja kuurosokean henkil\u00f6n opastaminen, my\u00f6s kuurosokeiden ICT-viittomisto ja tietotekniikan opiskelun tukeminen<\/li>\n\n\n\n<li class=\"has-medium-font-size\">laaja tietopohja, olen opiskellut esimerkiksi yhteiskuntatieteit\u00e4, kasvatustieteit\u00e4, yrityksen johtamista, henkil\u00f6st\u00f6johtamista ja markkinointia<\/li>\n\n\n\n<li class=\"has-medium-font-size\">englannin kielen taito (teen keskitason tulkkauksia)<\/li>\n\n\n\n<li class=\"has-medium-font-size\">vanhat sormiaakkoset, yleens\u00e4 ik\u00e4ihmisten kanssa ty\u00f6skentely<\/li>\n\n\n\n<li class=\"has-medium-font-size\">k\u00e4sity\u00f6- ja koiraharrastukset<\/li>\n<\/ul>\n","protected":false},"excerpt":{"rendered":"<p>Tulkki esitt\u00e4ytyy Olen Aistitaito Oy:n tulkki Merja Kovanen. Asun Tampereella ja tuotan tulkkauspalvelua p\u00e4\u00e4osin Pirkanmaan alueella. Tulkkauskunnat Voit k\u00e4ytt\u00e4\u00e4 tulkkauspalveluani, jos olet jos olet kuuro, kuuroutunut, huonokuuloinen, kuulon\u00e4k\u00f6vammainen, kuurosokea tai viitottua kommunikaatiotapaa k\u00e4ytt\u00e4v\u00e4 puhevammainen henkil\u00f6. K\u00e4ytt\u00e4m\u00e4si kieli voi olla puhuttu tai viitottu. Minulla on pitk\u00e4 kokemus tulkkauspalvelun tuottamisesta. Valmistuin viittomakielen tulkiksi vuonna 1988 Turun Kristillisest\u00e4 [&hellip;]<\/p>\n","protected":false},"author":1,"featured_media":0,"parent":0,"menu_order":0,"comment_status":"closed","ping_status":"closed","template":"","meta":{"footnotes":""},"class_list":["post-89","page","type-page","status-publish","hentry"],"_links":{"self":[{"href":"https:\/\/www.aistitaito.fi\/index.php?rest_route=\/wp\/v2\/pages\/89","targetHints":{"allow":["GET"]}}],"collection":[{"href":"https:\/\/www.aistitaito.fi\/index.php?rest_route=\/wp\/v2\/pages"}],"about":[{"href":"https:\/\/www.aistitaito.fi\/index.php?rest_route=\/wp\/v2\/types\/page"}],"author":[{"embeddable":true,"href":"https:\/\/www.aistitaito.fi\/index.php?rest_route=\/wp\/v2\/users\/1"}],"replies":[{"embeddable":true,"href":"https:\/\/www.aistitaito.fi\/index.php?rest_route=%2Fwp%2Fv2%2Fcomments&post=89"}],"version-history":[{"count":18,"href":"https:\/\/www.aistitaito.fi\/index.php?rest_route=\/wp\/v2\/pages\/89\/revisions"}],"predecessor-version":[{"id":269,"href":"https:\/\/www.aistitaito.fi\/index.php?rest_route=\/wp\/v2\/pages\/89\/revisions\/269"}],"wp:attachment":[{"href":"https:\/\/www.aistitaito.fi\/index.php?rest_route=%2Fwp%2Fv2%2Fmedia&parent=89"}],"curies":[{"name":"wp","href":"https:\/\/api.w.org\/{rel}","templated":true}]}}