{"id":104,"date":"2024-10-29T16:11:42","date_gmt":"2024-10-29T16:11:42","guid":{"rendered":"http:\/\/www.aistitaito.fi\/?page_id=104"},"modified":"2026-02-19T13:25:15","modified_gmt":"2026-02-19T13:25:15","slug":"tietosuojaseloste","status":"publish","type":"page","link":"https:\/\/www.aistitaito.fi\/?page_id=104","title":{"rendered":"Tietosuojaseloste"},"content":{"rendered":"\n<h2 class=\"wp-block-heading\">Aistitaito oy<\/h2>\n\n\n\n<p style=\"line-height:1.3\">Y-tunnus: 3445081-9<\/p>\n\n\n\n<p style=\"line-height:1.3\">Verkkosivujen osoite: https:\/\/www.aistitaito.fi.<\/p>\n\n\n\n<p style=\"line-height:1.3\">Sivustoa hallinnoi Merja Kovanen, merja.kovanen(a)aistitaito.fi<\/p>\n\n\n\n<h2 class=\"wp-block-heading has-large-font-size\">Mit\u00e4 henkil\u00f6tietoa ker\u00e4\u00e4mme ja miksi<\/h2>\n\n\n\n<p>Yritys ei ker\u00e4\u00e4 verkkosivujensa kautta tietoa yksitt\u00e4isiin henkil\u00f6ihin liitett\u00e4viss\u00e4 olevaa tietoa. Tulkkausasiakkaiden ja tilausten tiedot saadaan Kelan v\u00e4litysj\u00e4rjestelm\u00e4st\u00e4, jossa Kela toimii rekisterinpit\u00e4j\u00e4n\u00e4.<\/p>\n\n\n\n<h2 class=\"wp-block-heading has-large-font-size\">Yhteydenottotapa<\/h2>\n\n\n\n<p>Yhteydenotot palveluntuottajaan mieluiten s\u00e4hk\u00f6postilla.<\/p>\n\n\n\n<p><\/p>\n","protected":false},"excerpt":{"rendered":"<p>Aistitaito oy Y-tunnus: 3445081-9 Verkkosivujen osoite: https:\/\/www.aistitaito.fi. Sivustoa hallinnoi Merja Kovanen, merja.kovanen(a)aistitaito.fi Mit\u00e4 henkil\u00f6tietoa ker\u00e4\u00e4mme ja miksi Yritys ei ker\u00e4\u00e4 verkkosivujensa kautta tietoa yksitt\u00e4isiin henkil\u00f6ihin liitett\u00e4viss\u00e4 olevaa tietoa. Tulkkausasiakkaiden ja tilausten tiedot saadaan Kelan v\u00e4litysj\u00e4rjestelm\u00e4st\u00e4, jossa Kela toimii rekisterinpit\u00e4j\u00e4n\u00e4. Yhteydenottotapa Yhteydenotot palveluntuottajaan mieluiten s\u00e4hk\u00f6postilla.<\/p>\n","protected":false},"author":1,"featured_media":0,"parent":0,"menu_order":0,"comment_status":"closed","ping_status":"closed","template":"","meta":{"footnotes":""},"class_list":["post-104","page","type-page","status-publish","hentry"],"_links":{"self":[{"href":"https:\/\/www.aistitaito.fi\/index.php?rest_route=\/wp\/v2\/pages\/104","targetHints":{"allow":["GET"]}}],"collection":[{"href":"https:\/\/www.aistitaito.fi\/index.php?rest_route=\/wp\/v2\/pages"}],"about":[{"href":"https:\/\/www.aistitaito.fi\/index.php?rest_route=\/wp\/v2\/types\/page"}],"author":[{"embeddable":true,"href":"https:\/\/www.aistitaito.fi\/index.php?rest_route=\/wp\/v2\/users\/1"}],"replies":[{"embeddable":true,"href":"https:\/\/www.aistitaito.fi\/index.php?rest_route=%2Fwp%2Fv2%2Fcomments&post=104"}],"version-history":[{"count":3,"href":"https:\/\/www.aistitaito.fi\/index.php?rest_route=\/wp\/v2\/pages\/104\/revisions"}],"predecessor-version":[{"id":226,"href":"https:\/\/www.aistitaito.fi\/index.php?rest_route=\/wp\/v2\/pages\/104\/revisions\/226"}],"wp:attachment":[{"href":"https:\/\/www.aistitaito.fi\/index.php?rest_route=%2Fwp%2Fv2%2Fmedia&parent=104"}],"curies":[{"name":"wp","href":"https:\/\/api.w.org\/{rel}","templated":true}]}}